{"id":34,"date":"2016-02-15T10:52:42","date_gmt":"2016-02-15T09:52:42","guid":{"rendered":"http:\/\/wordpress.p344872.mittwaldserver.info\/?page_id=34"},"modified":"2024-08-16T14:26:05","modified_gmt":"2024-08-16T12:26:05","slug":"home","status":"publish","type":"page","link":"https:\/\/www.vvi-immobilien.eu\/","title":{"rendered":"VVI Immobilienservice"},"content":{"rendered":"<h1>Herzlich Willkommen bei der VVI Vermietung, Verwaltung und Immobilienservice GmbH<\/h1>\n<h4>Seit dem Jahr 2000 beraten und betreuen wir unsere Partner rund um ihre<br \/>\nImmobilien. Au\u00dferdem bieten wir Hausmeisterdienste, Gr\u00fcnpflege- und diverse<br \/>\nReinigungsleistungen an.<\/h4>\n<h4>Unser umfangreiches Serviceangebot haben wir auf den folgenden Seiten f\u00fcr Sie zusammengestellt.\u00a0Sprechen Sie uns an \u2013 wir sind gern f\u00fcr Sie da!<\/h4>\n","protected":false},"excerpt":{"rendered":"<p>Herzlich Willkommen bei der VVI Vermietung, Verwaltung und Immobilienservice GmbH Seit dem Jahr 2000 beraten und betreuen wir unsere Partner rund um ihre Immobilien. Au\u00dferdem bieten wir Hausmeisterdienste, Gr\u00fcnpflege- und diverse Reinigungsleistungen an. Unser umfangreiches Serviceangebot haben wir auf den folgenden Seiten f\u00fcr Sie zusammengestellt.\u00a0Sprechen Sie uns an \u2013 wir sind gern f\u00fcr Sie da!<\/p>\n","protected":false},"author":1,"featured_media":0,"parent":0,"menu_order":0,"comment_status":"closed","ping_status":"closed","template":"","meta":{"footnotes":""},"class_list":["post-34","page","type-page","status-publish","hentry"],"_links":{"self":[{"href":"https:\/\/www.vvi-immobilien.eu\/index.php?rest_route=\/wp\/v2\/pages\/34"}],"collection":[{"href":"https:\/\/www.vvi-immobilien.eu\/index.php?rest_route=\/wp\/v2\/pages"}],"about":[{"href":"https:\/\/www.vvi-immobilien.eu\/index.php?rest_route=\/wp\/v2\/types\/page"}],"author":[{"embeddable":true,"href":"https:\/\/www.vvi-immobilien.eu\/index.php?rest_route=\/wp\/v2\/users\/1"}],"replies":[{"embeddable":true,"href":"https:\/\/www.vvi-immobilien.eu\/index.php?rest_route=%2Fwp%2Fv2%2Fcomments&post=34"}],"version-history":[{"count":20,"href":"https:\/\/www.vvi-immobilien.eu\/index.php?rest_route=\/wp\/v2\/pages\/34\/revisions"}],"predecessor-version":[{"id":280,"href":"https:\/\/www.vvi-immobilien.eu\/index.php?rest_route=\/wp\/v2\/pages\/34\/revisions\/280"}],"wp:attachment":[{"href":"https:\/\/www.vvi-immobilien.eu\/index.php?rest_route=%2Fwp%2Fv2%2Fmedia&parent=34"}],"curies":[{"name":"wp","href":"https:\/\/api.w.org\/{rel}","templated":true}]}}