{"id":22,"date":"2016-02-12T13:50:26","date_gmt":"2016-02-12T12:50:26","guid":{"rendered":"http:\/\/wordpress.p344872.mittwaldserver.info\/?page_id=22"},"modified":"2024-08-15T12:45:19","modified_gmt":"2024-08-15T10:45:19","slug":"unternehmen","status":"publish","type":"page","link":"https:\/\/www.vvi-immobilien.eu\/?page_id=22","title":{"rendered":"Unternehmen"},"content":{"rendered":"<h2>Wir betreuen Immobilien und stehen f\u00fcr verschiedene Dienstleistungen.<\/h2>\n<div class=\"panel panel-default\">\n<div class=\"panel-heading\">\n<h3>Betreuung<\/h3>\n<\/div>\n<div class=\"panel-body\">\n<ul>\n<li>Objektverwaltung<\/li>\n<li>Gewerbe Immobilien<\/li>\n<li>Adressverwaltung<\/li>\n<\/ul>\n<\/div>\n<\/div>\n<div class=\"panel panel-default\">\n<div class=\"panel-heading\">\n<h3>Kostenrechnung<\/h3>\n<\/div>\n<div class=\"panel-body\">\n<ul>\n<li>Erstellung von\u00a0Wirtschaftspl\u00e4nen<\/li>\n<li>Erfassung und Verwaltung von Z\u00e4hlerst\u00e4nden und Verbrauchswerten<\/li>\n<li>Erstellung von Betriebskosten- und Nebenkostenabrechnungen<\/li>\n<li>\u00dcberwachung von Mietzinszahlungen<\/li>\n<\/ul>\n<\/div>\n<\/div>\n<div class=\"panel panel-default\">\n<div class=\"panel-heading\">\n<h3>Vertragswesen<\/h3>\n<\/div>\n<div class=\"panel-body\">\n<ul>\n<li>Beratung von der Vorbereitung bis zum Abschluss von Vertr\u00e4gen<\/li>\n<\/ul>\n<\/div>\n<\/div>\n","protected":false},"excerpt":{"rendered":"<p>Wir betreuen Immobilien und stehen f\u00fcr verschiedene Dienstleistungen. Betreuung Objektverwaltung Gewerbe Immobilien Adressverwaltung Kostenrechnung Erstellung von\u00a0Wirtschaftspl\u00e4nen Erfassung und Verwaltung von Z\u00e4hlerst\u00e4nden und Verbrauchswerten Erstellung von Betriebskosten- und Nebenkostenabrechnungen \u00dcberwachung von Mietzinszahlungen Vertragswesen Beratung von der Vorbereitung bis zum Abschluss von Vertr\u00e4gen<\/p>\n","protected":false},"author":1,"featured_media":0,"parent":0,"menu_order":3,"comment_status":"closed","ping_status":"closed","template":"","meta":{"footnotes":""},"class_list":["post-22","page","type-page","status-publish","hentry"],"_links":{"self":[{"href":"https:\/\/www.vvi-immobilien.eu\/index.php?rest_route=\/wp\/v2\/pages\/22"}],"collection":[{"href":"https:\/\/www.vvi-immobilien.eu\/index.php?rest_route=\/wp\/v2\/pages"}],"about":[{"href":"https:\/\/www.vvi-immobilien.eu\/index.php?rest_route=\/wp\/v2\/types\/page"}],"author":[{"embeddable":true,"href":"https:\/\/www.vvi-immobilien.eu\/index.php?rest_route=\/wp\/v2\/users\/1"}],"replies":[{"embeddable":true,"href":"https:\/\/www.vvi-immobilien.eu\/index.php?rest_route=%2Fwp%2Fv2%2Fcomments&post=22"}],"version-history":[{"count":6,"href":"https:\/\/www.vvi-immobilien.eu\/index.php?rest_route=\/wp\/v2\/pages\/22\/revisions"}],"predecessor-version":[{"id":266,"href":"https:\/\/www.vvi-immobilien.eu\/index.php?rest_route=\/wp\/v2\/pages\/22\/revisions\/266"}],"wp:attachment":[{"href":"https:\/\/www.vvi-immobilien.eu\/index.php?rest_route=%2Fwp%2Fv2%2Fmedia&parent=22"}],"curies":[{"name":"wp","href":"https:\/\/api.w.org\/{rel}","templated":true}]}}