{"id":20,"date":"2016-02-12T13:49:50","date_gmt":"2016-02-12T12:49:50","guid":{"rendered":"http:\/\/wordpress.p344872.mittwaldserver.info\/?page_id=20"},"modified":"2024-08-16T13:37:17","modified_gmt":"2024-08-16T11:37:17","slug":"service","status":"publish","type":"page","link":"https:\/\/www.vvi-immobilien.eu\/?page_id=20","title":{"rendered":"Service"},"content":{"rendered":"<p>Unsere Leistung umfasst die komplette Objektbetreuung vom Hausmeisterdienst, Reinigungsdiensten bis hin zu Projekt- und Personalmanagement. Lassen Sie sich ein spezifisches Angebot von unserem kompetenten Team erstellen. Bei uns k\u00f6nnen Sie alles aus einer Hand bekommen &#8211; oder einzelne Bausteine nach Ihrer Wahl.<\/p>\n<div class=\"well\">\n<p>F\u00fcr R\u00fcckfragen erreichen Sie uns am besten per E-Mail oder telefonisch:<\/p>\n<ul class=\"list-unstyled list-inline list-buttons\">\n<li><a class=\"btn btn-primary\" href=\"mailto:info@vvi-immobilien.eu\">E-Mail<\/a><\/li>\n<li><a class=\"btn btn-primary btn-phone\" href=\"#\" data-phone=\"490345-7777-202\">+49(0)345 7777-202<\/a><\/li>\n<\/ul>\n<\/div>\n","protected":false},"excerpt":{"rendered":"<p>Unsere Leistung umfasst die komplette Objektbetreuung vom Hausmeisterdienst, Reinigungsdiensten bis hin zu Projekt- und Personalmanagement. Lassen Sie sich ein spezifisches Angebot von unserem kompetenten Team erstellen. Bei uns k\u00f6nnen Sie alles aus einer Hand bekommen &#8211; oder einzelne Bausteine nach Ihrer Wahl. F\u00fcr R\u00fcckfragen erreichen Sie uns am besten per E-Mail oder telefonisch: E-Mail +49(0)345 &hellip; <a href=\"https:\/\/www.vvi-immobilien.eu\/?page_id=20\" class=\"more-link\"><span class=\"screen-reader-text\">&#8222;Service&#8220; <\/span>weiterlesen<\/a><\/p>\n","protected":false},"author":1,"featured_media":0,"parent":0,"menu_order":2,"comment_status":"closed","ping_status":"closed","template":"","meta":{"footnotes":""},"class_list":["post-20","page","type-page","status-publish","hentry"],"_links":{"self":[{"href":"https:\/\/www.vvi-immobilien.eu\/index.php?rest_route=\/wp\/v2\/pages\/20"}],"collection":[{"href":"https:\/\/www.vvi-immobilien.eu\/index.php?rest_route=\/wp\/v2\/pages"}],"about":[{"href":"https:\/\/www.vvi-immobilien.eu\/index.php?rest_route=\/wp\/v2\/types\/page"}],"author":[{"embeddable":true,"href":"https:\/\/www.vvi-immobilien.eu\/index.php?rest_route=\/wp\/v2\/users\/1"}],"replies":[{"embeddable":true,"href":"https:\/\/www.vvi-immobilien.eu\/index.php?rest_route=%2Fwp%2Fv2%2Fcomments&post=20"}],"version-history":[{"count":14,"href":"https:\/\/www.vvi-immobilien.eu\/index.php?rest_route=\/wp\/v2\/pages\/20\/revisions"}],"predecessor-version":[{"id":270,"href":"https:\/\/www.vvi-immobilien.eu\/index.php?rest_route=\/wp\/v2\/pages\/20\/revisions\/270"}],"wp:attachment":[{"href":"https:\/\/www.vvi-immobilien.eu\/index.php?rest_route=%2Fwp%2Fv2%2Fmedia&parent=20"}],"curies":[{"name":"wp","href":"https:\/\/api.w.org\/{rel}","templated":true}]}}